{"id":1311,"date":"2026-02-28T17:25:25","date_gmt":"2026-02-28T16:25:25","guid":{"rendered":"https:\/\/vikluk.local\/home\/"},"modified":"2026-03-25T01:15:41","modified_gmt":"2026-03-25T00:15:41","slug":"home","status":"publish","type":"page","link":"https:\/\/vikluk.hu\/en\/","title":{"rendered":"Home"},"content":{"rendered":"\n<div class=\"hero alignfull\">\n\t<div class=\"hero__media\">\n\t\t\t\t\t<div class=\"swiper hero__gallery-swiper\">\n\t\t\t\t<div class=\"swiper-wrapper hero__gallery-wrapper\">\n\t\t\t\t\t\t\t\t\t\t\t\t\t\t\t\t\t\t<div class=\"swiper-slide hero__gallery-slide hero__gallery-slide--image\">\n\t\t\t\t\t\t\t\t<picture>\n\t\t\t\t\t\t\t\t\t\t\t\t\t\t\t\t\t\t\t<source media=\"(max-width: 767px)\" srcset=\"https:\/\/i0.wp.com\/vikluk.hu\/wp-content\/uploads\/2026\/03\/akademia-park-officium-irodahaz-featured-scaled.jpg?fit=2560%2C1707&#038;ssl=1\">\n\t\t\t\t\t\t\t\t\t\t\t\t\t\t\t\t\t\t<img decoding=\"async\" width=\"1920\" height=\"1280\" src=\"https:\/\/i0.wp.com\/vikluk.hu\/wp-content\/uploads\/2026\/03\/41003_01.jpg?fit=1920%2C1280&amp;ssl=1\" class=\"attachment-fullhd size-fullhd\" alt=\"\" srcset=\"https:\/\/i0.wp.com\/vikluk.hu\/wp-content\/uploads\/2026\/03\/41003_01.jpg?w=1920&amp;ssl=1 1920w, https:\/\/i0.wp.com\/vikluk.hu\/wp-content\/uploads\/2026\/03\/41003_01.jpg?resize=300%2C200&amp;ssl=1 300w, https:\/\/i0.wp.com\/vikluk.hu\/wp-content\/uploads\/2026\/03\/41003_01.jpg?resize=1024%2C683&amp;ssl=1 1024w, https:\/\/i0.wp.com\/vikluk.hu\/wp-content\/uploads\/2026\/03\/41003_01.jpg?resize=768%2C512&amp;ssl=1 768w, https:\/\/i0.wp.com\/vikluk.hu\/wp-content\/uploads\/2026\/03\/41003_01.jpg?resize=1536%2C1024&amp;ssl=1 1536w\" sizes=\"(max-width: 1320px) 100vw, 1320px\" \/>\t\t\t\t\t\t\t\t<\/picture>\n\t\t\t\t\t\t\t<\/div>\n\t\t\t\t\t\t\t\t\t\t\t\t\t\t\t\t\t\t<div class=\"swiper-slide hero__gallery-slide hero__gallery-slide--image\">\n\t\t\t\t\t\t\t\t<picture>\n\t\t\t\t\t\t\t\t\t\t\t\t\t\t\t\t\t\t\t<source media=\"(max-width: 767px)\" srcset=\"https:\/\/i0.wp.com\/vikluk.hu\/wp-content\/uploads\/2026\/03\/iparmuveszeti-muzeum-rekonstrukcioja-featured-scaled.jpg?fit=2560%2C1920&#038;ssl=1\">\n\t\t\t\t\t\t\t\t\t\t\t\t\t\t\t\t\t\t<img decoding=\"async\" width=\"1920\" height=\"1440\" src=\"https:\/\/i0.wp.com\/vikluk.hu\/wp-content\/uploads\/2026\/03\/iparmuveszeti-muzeum-rekonstrukcioja-featured-scaled.jpg?fit=1920%2C1440&amp;ssl=1\" class=\"attachment-fullhd size-fullhd\" alt=\"\" srcset=\"https:\/\/i0.wp.com\/vikluk.hu\/wp-content\/uploads\/2026\/03\/iparmuveszeti-muzeum-rekonstrukcioja-featured-scaled.jpg?w=2560&amp;ssl=1 2560w, https:\/\/i0.wp.com\/vikluk.hu\/wp-content\/uploads\/2026\/03\/iparmuveszeti-muzeum-rekonstrukcioja-featured-scaled.jpg?resize=300%2C225&amp;ssl=1 300w, https:\/\/i0.wp.com\/vikluk.hu\/wp-content\/uploads\/2026\/03\/iparmuveszeti-muzeum-rekonstrukcioja-featured-scaled.jpg?resize=1024%2C768&amp;ssl=1 1024w, https:\/\/i0.wp.com\/vikluk.hu\/wp-content\/uploads\/2026\/03\/iparmuveszeti-muzeum-rekonstrukcioja-featured-scaled.jpg?resize=768%2C576&amp;ssl=1 768w, https:\/\/i0.wp.com\/vikluk.hu\/wp-content\/uploads\/2026\/03\/iparmuveszeti-muzeum-rekonstrukcioja-featured-scaled.jpg?resize=1536%2C1152&amp;ssl=1 1536w, https:\/\/i0.wp.com\/vikluk.hu\/wp-content\/uploads\/2026\/03\/iparmuveszeti-muzeum-rekonstrukcioja-featured-scaled.jpg?resize=2048%2C1536&amp;ssl=1 2048w, https:\/\/i0.wp.com\/vikluk.hu\/wp-content\/uploads\/2026\/03\/iparmuveszeti-muzeum-rekonstrukcioja-featured-scaled.jpg?resize=1920%2C1440&amp;ssl=1 1920w\" sizes=\"(max-width: 1320px) 100vw, 1320px\" \/>\t\t\t\t\t\t\t\t<\/picture>\n\t\t\t\t\t\t\t<\/div>\n\t\t\t\t\t\t\t\t\t\t\t\t\t\t\t\t\t\t<div class=\"swiper-slide hero__gallery-slide hero__gallery-slide--image\">\n\t\t\t\t\t\t\t\t<picture>\n\t\t\t\t\t\t\t\t\t\t\t\t\t\t\t\t\t\t\t<source media=\"(max-width: 767px)\" srcset=\"https:\/\/i0.wp.com\/vikluk.hu\/wp-content\/uploads\/2026\/03\/graphisoft-park-m-epulet-featured-scaled.jpg?fit=2560%2C1703&#038;ssl=1\">\n\t\t\t\t\t\t\t\t\t\t\t\t\t\t\t\t\t\t<img decoding=\"async\" width=\"1920\" height=\"1277\" src=\"https:\/\/i0.wp.com\/vikluk.hu\/wp-content\/uploads\/2026\/03\/graphisoft-park-m-epulet-featured-scaled.jpg?fit=1920%2C1277&amp;ssl=1\" class=\"attachment-fullhd size-fullhd\" alt=\"\" srcset=\"https:\/\/i0.wp.com\/vikluk.hu\/wp-content\/uploads\/2026\/03\/graphisoft-park-m-epulet-featured-scaled.jpg?w=2560&amp;ssl=1 2560w, https:\/\/i0.wp.com\/vikluk.hu\/wp-content\/uploads\/2026\/03\/graphisoft-park-m-epulet-featured-scaled.jpg?resize=300%2C200&amp;ssl=1 300w, https:\/\/i0.wp.com\/vikluk.hu\/wp-content\/uploads\/2026\/03\/graphisoft-park-m-epulet-featured-scaled.jpg?resize=1024%2C681&amp;ssl=1 1024w, https:\/\/i0.wp.com\/vikluk.hu\/wp-content\/uploads\/2026\/03\/graphisoft-park-m-epulet-featured-scaled.jpg?resize=768%2C511&amp;ssl=1 768w, https:\/\/i0.wp.com\/vikluk.hu\/wp-content\/uploads\/2026\/03\/graphisoft-park-m-epulet-featured-scaled.jpg?resize=1536%2C1022&amp;ssl=1 1536w, https:\/\/i0.wp.com\/vikluk.hu\/wp-content\/uploads\/2026\/03\/graphisoft-park-m-epulet-featured-scaled.jpg?resize=2048%2C1363&amp;ssl=1 2048w, https:\/\/i0.wp.com\/vikluk.hu\/wp-content\/uploads\/2026\/03\/graphisoft-park-m-epulet-featured-scaled.jpg?resize=1920%2C1277&amp;ssl=1 1920w\" sizes=\"(max-width: 1320px) 100vw, 1320px\" \/>\t\t\t\t\t\t\t\t<\/picture>\n\t\t\t\t\t\t\t<\/div>\n\t\t\t\t\t\t\t\t\t\t\t\t\t\t\t\t\t\t<div class=\"swiper-slide hero__gallery-slide hero__gallery-slide--image\">\n\t\t\t\t\t\t\t\t<picture>\n\t\t\t\t\t\t\t\t\t\t\t\t\t\t\t\t\t\t\t<source media=\"(max-width: 767px)\" srcset=\"https:\/\/i0.wp.com\/vikluk.hu\/wp-content\/uploads\/2026\/03\/arena-corner-irodahaz-featured-scaled.jpg?fit=2560%2C1703&#038;ssl=1\">\n\t\t\t\t\t\t\t\t\t\t\t\t\t\t\t\t\t\t<img decoding=\"async\" width=\"1920\" height=\"1277\" src=\"https:\/\/i0.wp.com\/vikluk.hu\/wp-content\/uploads\/2026\/03\/arena-corner-irodahaz-featured-scaled.jpg?fit=1920%2C1277&amp;ssl=1\" class=\"attachment-fullhd size-fullhd\" alt=\"\" srcset=\"https:\/\/i0.wp.com\/vikluk.hu\/wp-content\/uploads\/2026\/03\/arena-corner-irodahaz-featured-scaled.jpg?w=2560&amp;ssl=1 2560w, https:\/\/i0.wp.com\/vikluk.hu\/wp-content\/uploads\/2026\/03\/arena-corner-irodahaz-featured-scaled.jpg?resize=300%2C200&amp;ssl=1 300w, https:\/\/i0.wp.com\/vikluk.hu\/wp-content\/uploads\/2026\/03\/arena-corner-irodahaz-featured-scaled.jpg?resize=1024%2C681&amp;ssl=1 1024w, https:\/\/i0.wp.com\/vikluk.hu\/wp-content\/uploads\/2026\/03\/arena-corner-irodahaz-featured-scaled.jpg?resize=768%2C511&amp;ssl=1 768w, https:\/\/i0.wp.com\/vikluk.hu\/wp-content\/uploads\/2026\/03\/arena-corner-irodahaz-featured-scaled.jpg?resize=1536%2C1022&amp;ssl=1 1536w, https:\/\/i0.wp.com\/vikluk.hu\/wp-content\/uploads\/2026\/03\/arena-corner-irodahaz-featured-scaled.jpg?resize=2048%2C1363&amp;ssl=1 2048w, https:\/\/i0.wp.com\/vikluk.hu\/wp-content\/uploads\/2026\/03\/arena-corner-irodahaz-featured-scaled.jpg?resize=1920%2C1277&amp;ssl=1 1920w\" sizes=\"(max-width: 1320px) 100vw, 1320px\" \/>\t\t\t\t\t\t\t\t<\/picture>\n\t\t\t\t\t\t\t<\/div>\n\t\t\t\t\t\t\t\t\t<\/div>\n\t\t\t<\/div>\n\t\t\t<\/div>\n\n\t<div class=\"hero__content\">\n\t\t<div class=\"hero__content__inner\">\n\t\t\t<div class=\"hero__content__main\">\n\t\t\t\t<div class=\"container-fluid\">\n\t\t\t\t\t<h1 class=\"hero__title\">\n\t\t\t\t\t\t<img decoding=\"async\" src=\"https:\/\/vikluk.hu\/wp-content\/themes\/vikluk\/assets\/images\/hero\/hero-logo.svg\" class=\"hero__title__logo\" alt=\"Vik\u00e1r &amp; Luk\u00e1cs\"\/>\n\t\t\t\t\t\t<span class=\"hero__title__text visually-hidden\">\n\t\t\t\t\t\t\tVik\u00e1r &amp; Luk\u00e1cs\t\t\t\t\t\t<\/span>\n\t\t\t\t\t<\/h1>\n\t\t\t\t\t\t\t\t\t<\/div>\n\t\t\t<\/div>\n\t\t\t\t\t\t\t<footer class=\"footer\">\n        <div class=\"footer-social\">\n    <div class=\"container-fluid\">\n                    <div class=\"footer-social__buttons\">\n                                                        <a href=\"https:\/\/www.instagram.com\/vikareslukacs\/\" class=\"btn btn__social\" target=\"_blank\" rel=\"noopener\">\n                        <span class=\"btn__social__text\">Instagram<\/span>\n                        <svg class=\"btn__social__icon\" xmlns=\"http:\/\/www.w3.org\/2000\/svg\" width=\"20\" height=\"18\" viewBox=\"0 0 20 18\" fill=\"none\">\n                            <path d=\"M9.557 17.48C6.54233 17.48 4.19267 16.663 2.508 15.029C0.836 13.3823 0 11.2797 0 8.721C0 6.16233 0.836 4.07233 2.508 2.451C4.19267 0.817 6.54233 0 9.557 0C12.5843 0 14.9277 0.817 16.587 2.451C18.259 4.07233 19.095 6.16233 19.095 8.721C19.095 9.96233 18.886 11.115 18.468 12.179C18.0627 13.2303 17.4673 14.155 16.682 14.953C15.8967 15.7383 14.8897 16.3527 13.661 16.796C12.445 17.252 11.077 17.48 9.557 17.48ZM6.346 13.699L11.856 8.208L11.78 11.742L14.364 11.628L14.326 3.952L6.669 3.914L6.536 6.479L10.07 6.422L4.56 11.932L6.346 13.699Z\" fill=\"white\"\/>\n                        <\/svg>\n                    <\/a>\n                                                        <a href=\"https:\/\/www.linkedin.com\/company\/vik%C3%A1r-luk%C3%A1cs-architect-studio\/posts\/?feedView=all\" class=\"btn btn__social\" target=\"_blank\" rel=\"noopener\">\n                        <span class=\"btn__social__text\">LinkedIn<\/span>\n                        <svg class=\"btn__social__icon\" xmlns=\"http:\/\/www.w3.org\/2000\/svg\" width=\"20\" height=\"18\" viewBox=\"0 0 20 18\" fill=\"none\">\n                            <path d=\"M9.557 17.48C6.54233 17.48 4.19267 16.663 2.508 15.029C0.836 13.3823 0 11.2797 0 8.721C0 6.16233 0.836 4.07233 2.508 2.451C4.19267 0.817 6.54233 0 9.557 0C12.5843 0 14.9277 0.817 16.587 2.451C18.259 4.07233 19.095 6.16233 19.095 8.721C19.095 9.96233 18.886 11.115 18.468 12.179C18.0627 13.2303 17.4673 14.155 16.682 14.953C15.8967 15.7383 14.8897 16.3527 13.661 16.796C12.445 17.252 11.077 17.48 9.557 17.48ZM6.346 13.699L11.856 8.208L11.78 11.742L14.364 11.628L14.326 3.952L6.669 3.914L6.536 6.479L10.07 6.422L4.56 11.932L6.346 13.699Z\" fill=\"white\"\/>\n                        <\/svg>\n                    <\/a>\n                                                        <a href=\"https:\/\/www.facebook.com\/p\/Vik%C3%A1r-%C3%A9s-Luk%C3%A1cs-%C3%89p%C3%ADt%C3%A9sz-St%C3%BAdi%C3%B3-100047632246027\/\" class=\"btn btn__social\" target=\"_blank\" rel=\"noopener\">\n                        <span class=\"btn__social__text\">Facebook<\/span>\n                        <svg class=\"btn__social__icon\" xmlns=\"http:\/\/www.w3.org\/2000\/svg\" width=\"20\" height=\"18\" viewBox=\"0 0 20 18\" fill=\"none\">\n                            <path d=\"M9.557 17.48C6.54233 17.48 4.19267 16.663 2.508 15.029C0.836 13.3823 0 11.2797 0 8.721C0 6.16233 0.836 4.07233 2.508 2.451C4.19267 0.817 6.54233 0 9.557 0C12.5843 0 14.9277 0.817 16.587 2.451C18.259 4.07233 19.095 6.16233 19.095 8.721C19.095 9.96233 18.886 11.115 18.468 12.179C18.0627 13.2303 17.4673 14.155 16.682 14.953C15.8967 15.7383 14.8897 16.3527 13.661 16.796C12.445 17.252 11.077 17.48 9.557 17.48ZM6.346 13.699L11.856 8.208L11.78 11.742L14.364 11.628L14.326 3.952L6.669 3.914L6.536 6.479L10.07 6.422L4.56 11.932L6.346 13.699Z\" fill=\"white\"\/>\n                        <\/svg>\n                    <\/a>\n                                                        <a href=\"mailto:vikluk@vikluk.hu\" class=\"btn btn__social\" target=\"_blank\" rel=\"noopener\">\n                        <span class=\"btn__social__text\">E-mail<\/span>\n                        <svg class=\"btn__social__icon\" xmlns=\"http:\/\/www.w3.org\/2000\/svg\" width=\"20\" height=\"18\" viewBox=\"0 0 20 18\" fill=\"none\">\n                            <path d=\"M9.557 17.48C6.54233 17.48 4.19267 16.663 2.508 15.029C0.836 13.3823 0 11.2797 0 8.721C0 6.16233 0.836 4.07233 2.508 2.451C4.19267 0.817 6.54233 0 9.557 0C12.5843 0 14.9277 0.817 16.587 2.451C18.259 4.07233 19.095 6.16233 19.095 8.721C19.095 9.96233 18.886 11.115 18.468 12.179C18.0627 13.2303 17.4673 14.155 16.682 14.953C15.8967 15.7383 14.8897 16.3527 13.661 16.796C12.445 17.252 11.077 17.48 9.557 17.48ZM6.346 13.699L11.856 8.208L11.78 11.742L14.364 11.628L14.326 3.952L6.669 3.914L6.536 6.479L10.07 6.422L4.56 11.932L6.346 13.699Z\" fill=\"white\"\/>\n                        <\/svg>\n                    <\/a>\n                                                        <a href=\"tel:+36%201%20485%200765%20\" class=\"btn btn__social\" target=\"_blank\" rel=\"noopener\">\n                        <span class=\"btn__social__text\">Phone<\/span>\n                        <svg class=\"btn__social__icon\" xmlns=\"http:\/\/www.w3.org\/2000\/svg\" width=\"20\" height=\"18\" viewBox=\"0 0 20 18\" fill=\"none\">\n                            <path d=\"M9.557 17.48C6.54233 17.48 4.19267 16.663 2.508 15.029C0.836 13.3823 0 11.2797 0 8.721C0 6.16233 0.836 4.07233 2.508 2.451C4.19267 0.817 6.54233 0 9.557 0C12.5843 0 14.9277 0.817 16.587 2.451C18.259 4.07233 19.095 6.16233 19.095 8.721C19.095 9.96233 18.886 11.115 18.468 12.179C18.0627 13.2303 17.4673 14.155 16.682 14.953C15.8967 15.7383 14.8897 16.3527 13.661 16.796C12.445 17.252 11.077 17.48 9.557 17.48ZM6.346 13.699L11.856 8.208L11.78 11.742L14.364 11.628L14.326 3.952L6.669 3.914L6.536 6.479L10.07 6.422L4.56 11.932L6.346 13.699Z\" fill=\"white\"\/>\n                        <\/svg>\n                    <\/a>\n                            <\/div>\n            <\/div>\n<\/div>    <div class=\"footer-copyright text-center\">\n    <div class=\"container\">\n        <div class=\"footer-copyright__text\">\n            <div class=\"footer-copyright__text__top\">\n                <span class=\"d-flex flex-wrap justify-content-center\">\n                <span>All rights reserved \u00a9<\/span> <span>Vik\u00e1r \u00e9s Luk\u00e1cs \u00c9p\u00edt\u00e9sz St\u00fadi\u00f3 Kft.<\/span><span> 2008-2026.<\/span>                <\/span>\n                                    <nav class=\"footer-copyright__legal-nav\" aria-label=\"Legal links\">\n                        <ul id=\"footer-legal-menu\" class=\"footer-copyright__legal-menu\"><li id=\"menu-item-2163\" class=\"menu-item menu-item-type-post_type menu-item-object-page menu-item-2163\"><a href=\"https:\/\/vikluk.hu\/felhasznalasi-feltetelek\/\">Terms and Conditions<\/a><\/li>\n<li id=\"menu-item-2162\" class=\"menu-item menu-item-type-post_type menu-item-object-page menu-item-privacy-policy menu-item-2162\"><a href=\"https:\/\/vikluk.hu\/adatvedelmi-szabalyzat\/\">Privacy Policy<\/a><\/li>\n<\/ul>                    <\/nav>\n                            <\/div>\n            <div class=\"footer-copyright__text__bottom d-flex flex-wrap justify-content-center\">\n                <p>Vik\u00e1r \u00e9s Luk\u00e1cs \u00c9p\u00edt\u00e9sz St\u00fadi\u00f3\u00a0 Kft., 14296877-2-41, Registered at: 1052 Budapest, Szervita t\u00e9r 5. 3. em. 7.<\/p>\n            <\/div>\n        <\/div>\n    <\/div>\n<\/div><\/footer>\t\t\t\t\t<\/div>\n\t<\/div>\n<\/div>","protected":false},"excerpt":{"rendered":"","protected":false},"author":1,"featured_media":0,"parent":0,"menu_order":0,"comment_status":"closed","ping_status":"closed","template":"template-body-under-header.php","meta":{"_acf_changed":false,"footnotes":""},"class_list":["post-1311","page","type-page","status-publish","hentry"],"acf":[],"yoast_head":"<!-- This site is optimized with the Yoast SEO plugin v27.5 - https:\/\/yoast.com\/product\/yoast-seo-wordpress\/ -->\n<title>Home - Vik\u00e1r &amp; Luk\u00e1cs<\/title>\n<meta name=\"robots\" content=\"index, follow, max-snippet:-1, max-image-preview:large, max-video-preview:-1\" \/>\n<link rel=\"canonical\" href=\"https:\/\/vikluk.hu\/en\/\" \/>\n<meta property=\"og:locale\" content=\"en_US\" \/>\n<meta property=\"og:type\" content=\"article\" \/>\n<meta property=\"og:title\" content=\"Home - Vik\u00e1r &amp; Luk\u00e1cs\" \/>\n<meta property=\"og:url\" content=\"https:\/\/vikluk.hu\/en\/\" \/>\n<meta property=\"og:site_name\" content=\"Vik\u00e1r &amp; Luk\u00e1cs\" \/>\n<meta property=\"article:publisher\" content=\"https:\/\/www.facebook.com\/p\/Vikr-s-Lukcs-ptsz-Stdi-100047632246027\/\" \/>\n<meta property=\"article:modified_time\" content=\"2026-03-25T00:15:41+00:00\" \/>\n<meta name=\"twitter:card\" content=\"summary_large_image\" \/>\n<script type=\"application\/ld+json\" class=\"yoast-schema-graph\">{\"@context\":\"https:\\\/\\\/schema.org\",\"@graph\":[{\"@type\":\"WebPage\",\"@id\":\"https:\\\/\\\/vikluk.hu\\\/en\\\/\",\"url\":\"https:\\\/\\\/vikluk.hu\\\/en\\\/\",\"name\":\"Home - Vik\u00e1r &amp; Luk\u00e1cs\",\"isPartOf\":{\"@id\":\"https:\\\/\\\/vikluk.hu\\\/en\\\/#website\"},\"datePublished\":\"2026-02-28T16:25:25+00:00\",\"dateModified\":\"2026-03-25T00:15:41+00:00\",\"breadcrumb\":{\"@id\":\"https:\\\/\\\/vikluk.hu\\\/en\\\/#breadcrumb\"},\"inLanguage\":\"en-US\",\"potentialAction\":[{\"@type\":\"ReadAction\",\"target\":[\"https:\\\/\\\/vikluk.hu\\\/en\\\/\"]}]},{\"@type\":\"BreadcrumbList\",\"@id\":\"https:\\\/\\\/vikluk.hu\\\/en\\\/#breadcrumb\",\"itemListElement\":[{\"@type\":\"ListItem\",\"position\":1,\"name\":\"Kezd\u0151lap\",\"item\":\"https:\\\/\\\/vikluk.hu\\\/en\\\/home\\\/\"},{\"@type\":\"ListItem\",\"position\":2,\"name\":\"Home\"}]},{\"@type\":\"WebSite\",\"@id\":\"https:\\\/\\\/vikluk.hu\\\/en\\\/#website\",\"url\":\"https:\\\/\\\/vikluk.hu\\\/en\\\/\",\"name\":\"Vik\u00e1r & Luk\u00e1cs\",\"description\":\"\",\"publisher\":{\"@id\":\"https:\\\/\\\/vikluk.hu\\\/en\\\/#organization\"},\"potentialAction\":[{\"@type\":\"SearchAction\",\"target\":{\"@type\":\"EntryPoint\",\"urlTemplate\":\"https:\\\/\\\/vikluk.hu\\\/en\\\/?s={search_term_string}\"},\"query-input\":{\"@type\":\"PropertyValueSpecification\",\"valueRequired\":true,\"valueName\":\"search_term_string\"}}],\"inLanguage\":\"en-US\"},{\"@type\":\"Organization\",\"@id\":\"https:\\\/\\\/vikluk.hu\\\/en\\\/#organization\",\"name\":\"Vik\u00e1r & Luk\u00e1cs\",\"url\":\"https:\\\/\\\/vikluk.hu\\\/en\\\/\",\"logo\":{\"@type\":\"ImageObject\",\"inLanguage\":\"en-US\",\"@id\":\"https:\\\/\\\/vikluk.hu\\\/en\\\/#\\\/schema\\\/logo\\\/image\\\/\",\"url\":\"https:\\\/\\\/i0.wp.com\\\/vikluk.hu\\\/wp-content\\\/uploads\\\/2026\\\/02\\\/favico.png?fit=1024%2C1024&ssl=1\",\"contentUrl\":\"https:\\\/\\\/i0.wp.com\\\/vikluk.hu\\\/wp-content\\\/uploads\\\/2026\\\/02\\\/favico.png?fit=1024%2C1024&ssl=1\",\"width\":1024,\"height\":1024,\"caption\":\"Vik\u00e1r & Luk\u00e1cs\"},\"image\":{\"@id\":\"https:\\\/\\\/vikluk.hu\\\/en\\\/#\\\/schema\\\/logo\\\/image\\\/\"},\"sameAs\":[\"https:\\\/\\\/www.facebook.com\\\/p\\\/Vikr-s-Lukcs-ptsz-Stdi-100047632246027\\\/\",\"https:\\\/\\\/www.instagram.com\\\/vikareslukacs\\\/\",\"https:\\\/\\\/www.linkedin.com\\\/company\\\/vikr-lukcs-architect-studio\\\/posts\\\/?feedView=all\"]}]}<\/script>\n<!-- \/ Yoast SEO plugin. -->","yoast_head_json":{"title":"Home - Vik\u00e1r &amp; Luk\u00e1cs","robots":{"index":"index","follow":"follow","max-snippet":"max-snippet:-1","max-image-preview":"max-image-preview:large","max-video-preview":"max-video-preview:-1"},"canonical":"https:\/\/vikluk.hu\/en\/","og_locale":"en_US","og_type":"article","og_title":"Home - Vik\u00e1r &amp; Luk\u00e1cs","og_url":"https:\/\/vikluk.hu\/en\/","og_site_name":"Vik\u00e1r &amp; Luk\u00e1cs","article_publisher":"https:\/\/www.facebook.com\/p\/Vikr-s-Lukcs-ptsz-Stdi-100047632246027\/","article_modified_time":"2026-03-25T00:15:41+00:00","twitter_card":"summary_large_image","schema":{"@context":"https:\/\/schema.org","@graph":[{"@type":"WebPage","@id":"https:\/\/vikluk.hu\/en\/","url":"https:\/\/vikluk.hu\/en\/","name":"Home - Vik\u00e1r &amp; Luk\u00e1cs","isPartOf":{"@id":"https:\/\/vikluk.hu\/en\/#website"},"datePublished":"2026-02-28T16:25:25+00:00","dateModified":"2026-03-25T00:15:41+00:00","breadcrumb":{"@id":"https:\/\/vikluk.hu\/en\/#breadcrumb"},"inLanguage":"en-US","potentialAction":[{"@type":"ReadAction","target":["https:\/\/vikluk.hu\/en\/"]}]},{"@type":"BreadcrumbList","@id":"https:\/\/vikluk.hu\/en\/#breadcrumb","itemListElement":[{"@type":"ListItem","position":1,"name":"Kezd\u0151lap","item":"https:\/\/vikluk.hu\/en\/home\/"},{"@type":"ListItem","position":2,"name":"Home"}]},{"@type":"WebSite","@id":"https:\/\/vikluk.hu\/en\/#website","url":"https:\/\/vikluk.hu\/en\/","name":"Vik\u00e1r & Luk\u00e1cs","description":"","publisher":{"@id":"https:\/\/vikluk.hu\/en\/#organization"},"potentialAction":[{"@type":"SearchAction","target":{"@type":"EntryPoint","urlTemplate":"https:\/\/vikluk.hu\/en\/?s={search_term_string}"},"query-input":{"@type":"PropertyValueSpecification","valueRequired":true,"valueName":"search_term_string"}}],"inLanguage":"en-US"},{"@type":"Organization","@id":"https:\/\/vikluk.hu\/en\/#organization","name":"Vik\u00e1r & Luk\u00e1cs","url":"https:\/\/vikluk.hu\/en\/","logo":{"@type":"ImageObject","inLanguage":"en-US","@id":"https:\/\/vikluk.hu\/en\/#\/schema\/logo\/image\/","url":"https:\/\/i0.wp.com\/vikluk.hu\/wp-content\/uploads\/2026\/02\/favico.png?fit=1024%2C1024&ssl=1","contentUrl":"https:\/\/i0.wp.com\/vikluk.hu\/wp-content\/uploads\/2026\/02\/favico.png?fit=1024%2C1024&ssl=1","width":1024,"height":1024,"caption":"Vik\u00e1r & Luk\u00e1cs"},"image":{"@id":"https:\/\/vikluk.hu\/en\/#\/schema\/logo\/image\/"},"sameAs":["https:\/\/www.facebook.com\/p\/Vikr-s-Lukcs-ptsz-Stdi-100047632246027\/","https:\/\/www.instagram.com\/vikareslukacs\/","https:\/\/www.linkedin.com\/company\/vikr-lukcs-architect-studio\/posts\/?feedView=all"]}]}},"_links":{"self":[{"href":"https:\/\/vikluk.hu\/en\/wp-json\/wp\/v2\/pages\/1311","targetHints":{"allow":["GET"]}}],"collection":[{"href":"https:\/\/vikluk.hu\/en\/wp-json\/wp\/v2\/pages"}],"about":[{"href":"https:\/\/vikluk.hu\/en\/wp-json\/wp\/v2\/types\/page"}],"author":[{"embeddable":true,"href":"https:\/\/vikluk.hu\/en\/wp-json\/wp\/v2\/users\/1"}],"replies":[{"embeddable":true,"href":"https:\/\/vikluk.hu\/en\/wp-json\/wp\/v2\/comments?post=1311"}],"version-history":[{"count":4,"href":"https:\/\/vikluk.hu\/en\/wp-json\/wp\/v2\/pages\/1311\/revisions"}],"predecessor-version":[{"id":2164,"href":"https:\/\/vikluk.hu\/en\/wp-json\/wp\/v2\/pages\/1311\/revisions\/2164"}],"wp:attachment":[{"href":"https:\/\/vikluk.hu\/en\/wp-json\/wp\/v2\/media?parent=1311"}],"curies":[{"name":"wp","href":"https:\/\/api.w.org\/{rel}","templated":true}]}}